{"id":376,"date":"2025-06-04T08:04:44","date_gmt":"2025-06-04T08:04:44","guid":{"rendered":"https:\/\/frzz.berlin\/?page_id=376"},"modified":"2026-02-10T13:24:10","modified_gmt":"2026-02-10T13:24:10","slug":"satin-pants","status":"publish","type":"page","link":"https:\/\/frzz.berlin\/?page_id=376","title":{"rendered":"Satin Pants"},"content":{"rendered":"\t\t<div data-elementor-type=\"wp-page\" data-elementor-id=\"376\" class=\"elementor elementor-376\">\n\t\t\t\t<div class=\"elementor-element elementor-element-23801fe e-con-full e-flex wpr-particle-no wpr-jarallax-no wpr-parallax-no wpr-sticky-section-no e-con e-parent\" data-id=\"23801fe\" data-element_type=\"container\">\n\t\t<div class=\"elementor-element elementor-element-9ad04a6 e-con-full e-flex wpr-particle-no wpr-jarallax-no wpr-parallax-no wpr-sticky-section-no e-con e-child\" data-id=\"9ad04a6\" data-element_type=\"container\">\n\t\t<div class=\"elementor-element elementor-element-49f8afe e-grid e-con-full wpr-particle-no wpr-jarallax-no wpr-parallax-no wpr-sticky-section-no e-con e-child\" data-id=\"49f8afe\" data-element_type=\"container\">\n\t\t\t\t<div class=\"elementor-element elementor-element-54d1210 elementor-widget elementor-widget-image\" data-id=\"54d1210\" data-element_type=\"widget\" data-widget_type=\"image.default\">\n\t\t\t\t<div class=\"elementor-widget-container\">\n\t\t\t\t\t\t\t\t\t\t\t\t\t\t\t<img fetchpriority=\"high\" decoding=\"async\" width=\"684\" height=\"1024\" src=\"https:\/\/frzz.berlin\/wp-content\/uploads\/2025\/05\/EDIT-76-684x1024.jpg\" class=\"attachment-large size-large wp-image-101\" alt=\"\" srcset=\"https:\/\/frzz.berlin\/wp-content\/uploads\/2025\/05\/EDIT-76-684x1024.jpg 684w, https:\/\/frzz.berlin\/wp-content\/uploads\/2025\/05\/EDIT-76-200x300.jpg 200w, https:\/\/frzz.berlin\/wp-content\/uploads\/2025\/05\/EDIT-76-768x1150.jpg 768w, https:\/\/frzz.berlin\/wp-content\/uploads\/2025\/05\/EDIT-76-1026x1536.jpg 1026w, https:\/\/frzz.berlin\/wp-content\/uploads\/2025\/05\/EDIT-76-1368x2048.jpg 1368w, https:\/\/frzz.berlin\/wp-content\/uploads\/2025\/05\/EDIT-76-scaled.jpg 1710w\" sizes=\"(max-width: 684px) 100vw, 684px\" \/>\t\t\t\t\t\t\t\t\t\t\t\t\t\t\t<\/div>\n\t\t\t\t<\/div>\n\t\t\t\t<div class=\"elementor-element elementor-element-2730347 elementor-widget elementor-widget-image\" data-id=\"2730347\" data-element_type=\"widget\" data-widget_type=\"image.default\">\n\t\t\t\t<div class=\"elementor-widget-container\">\n\t\t\t\t\t\t\t\t\t\t\t\t\t\t\t<img decoding=\"async\" width=\"684\" height=\"1024\" src=\"https:\/\/frzz.berlin\/wp-content\/uploads\/2025\/05\/EDIT-63-684x1024.jpg\" class=\"attachment-large size-large wp-image-117\" alt=\"\" srcset=\"https:\/\/frzz.berlin\/wp-content\/uploads\/2025\/05\/EDIT-63-684x1024.jpg 684w, https:\/\/frzz.berlin\/wp-content\/uploads\/2025\/05\/EDIT-63-200x300.jpg 200w, https:\/\/frzz.berlin\/wp-content\/uploads\/2025\/05\/EDIT-63-768x1150.jpg 768w, https:\/\/frzz.berlin\/wp-content\/uploads\/2025\/05\/EDIT-63-1026x1536.jpg 1026w, https:\/\/frzz.berlin\/wp-content\/uploads\/2025\/05\/EDIT-63-1368x2048.jpg 1368w, https:\/\/frzz.berlin\/wp-content\/uploads\/2025\/05\/EDIT-63-scaled.jpg 1710w\" sizes=\"(max-width: 684px) 100vw, 684px\" \/>\t\t\t\t\t\t\t\t\t\t\t\t\t\t\t<\/div>\n\t\t\t\t<\/div>\n\t\t\t\t<div class=\"elementor-element elementor-element-aec213b elementor-widget elementor-widget-image\" data-id=\"aec213b\" data-element_type=\"widget\" data-widget_type=\"image.default\">\n\t\t\t\t<div class=\"elementor-widget-container\">\n\t\t\t\t\t\t\t\t\t\t\t\t\t\t\t<img decoding=\"async\" width=\"684\" height=\"1024\" src=\"https:\/\/frzz.berlin\/wp-content\/uploads\/2025\/05\/EDIT-1-684x1024.jpg\" class=\"attachment-large size-large wp-image-102\" alt=\"\" srcset=\"https:\/\/frzz.berlin\/wp-content\/uploads\/2025\/05\/EDIT-1-684x1024.jpg 684w, https:\/\/frzz.berlin\/wp-content\/uploads\/2025\/05\/EDIT-1-200x300.jpg 200w, https:\/\/frzz.berlin\/wp-content\/uploads\/2025\/05\/EDIT-1-768x1150.jpg 768w, https:\/\/frzz.berlin\/wp-content\/uploads\/2025\/05\/EDIT-1-1026x1536.jpg 1026w, https:\/\/frzz.berlin\/wp-content\/uploads\/2025\/05\/EDIT-1-1368x2048.jpg 1368w, https:\/\/frzz.berlin\/wp-content\/uploads\/2025\/05\/EDIT-1-scaled.jpg 1710w\" sizes=\"(max-width: 684px) 100vw, 684px\" \/>\t\t\t\t\t\t\t\t\t\t\t\t\t\t\t<\/div>\n\t\t\t\t<\/div>\n\t\t\t\t<div class=\"elementor-element elementor-element-33732d7 elementor-widget elementor-widget-image\" data-id=\"33732d7\" data-element_type=\"widget\" data-widget_type=\"image.default\">\n\t\t\t\t<div class=\"elementor-widget-container\">\n\t\t\t\t\t\t\t\t\t\t\t\t\t\t\t<img loading=\"lazy\" decoding=\"async\" width=\"684\" height=\"1024\" src=\"https:\/\/frzz.berlin\/wp-content\/uploads\/2025\/05\/EDIT-68-684x1024.jpg\" class=\"attachment-large size-large wp-image-118\" alt=\"\" srcset=\"https:\/\/frzz.berlin\/wp-content\/uploads\/2025\/05\/EDIT-68-684x1024.jpg 684w, https:\/\/frzz.berlin\/wp-content\/uploads\/2025\/05\/EDIT-68-200x300.jpg 200w, https:\/\/frzz.berlin\/wp-content\/uploads\/2025\/05\/EDIT-68-768x1150.jpg 768w, https:\/\/frzz.berlin\/wp-content\/uploads\/2025\/05\/EDIT-68-1026x1536.jpg 1026w, https:\/\/frzz.berlin\/wp-content\/uploads\/2025\/05\/EDIT-68-1368x2048.jpg 1368w, https:\/\/frzz.berlin\/wp-content\/uploads\/2025\/05\/EDIT-68-scaled.jpg 1710w\" sizes=\"(max-width: 684px) 100vw, 684px\" \/>\t\t\t\t\t\t\t\t\t\t\t\t\t\t\t<\/div>\n\t\t\t\t<\/div>\n\t\t\t\t<div class=\"elementor-element elementor-element-8be0a22 elementor-widget elementor-widget-image\" data-id=\"8be0a22\" data-element_type=\"widget\" data-widget_type=\"image.default\">\n\t\t\t\t<div class=\"elementor-widget-container\">\n\t\t\t\t\t\t\t\t\t\t\t\t\t\t\t<img loading=\"lazy\" decoding=\"async\" width=\"684\" height=\"1024\" src=\"https:\/\/frzz.berlin\/wp-content\/uploads\/2025\/05\/EDIT-455-684x1024.jpg\" class=\"attachment-large size-large wp-image-272\" alt=\"\" srcset=\"https:\/\/frzz.berlin\/wp-content\/uploads\/2025\/05\/EDIT-455-684x1024.jpg 684w, https:\/\/frzz.berlin\/wp-content\/uploads\/2025\/05\/EDIT-455-200x300.jpg 200w, https:\/\/frzz.berlin\/wp-content\/uploads\/2025\/05\/EDIT-455-768x1150.jpg 768w, https:\/\/frzz.berlin\/wp-content\/uploads\/2025\/05\/EDIT-455-1026x1536.jpg 1026w, https:\/\/frzz.berlin\/wp-content\/uploads\/2025\/05\/EDIT-455-1368x2048.jpg 1368w, https:\/\/frzz.berlin\/wp-content\/uploads\/2025\/05\/EDIT-455-scaled.jpg 1710w\" sizes=\"(max-width: 684px) 100vw, 684px\" \/>\t\t\t\t\t\t\t\t\t\t\t\t\t\t\t<\/div>\n\t\t\t\t<\/div>\n\t\t\t\t<div class=\"elementor-element elementor-element-7a2a178 elementor-widget elementor-widget-image\" data-id=\"7a2a178\" data-element_type=\"widget\" data-widget_type=\"image.default\">\n\t\t\t\t<div class=\"elementor-widget-container\">\n\t\t\t\t\t\t\t\t\t\t\t\t\t\t\t<img loading=\"lazy\" decoding=\"async\" width=\"684\" height=\"1024\" src=\"https:\/\/frzz.berlin\/wp-content\/uploads\/2025\/05\/EDIT-72-684x1024.jpg\" class=\"attachment-large size-large wp-image-121\" alt=\"\" srcset=\"https:\/\/frzz.berlin\/wp-content\/uploads\/2025\/05\/EDIT-72-684x1024.jpg 684w, https:\/\/frzz.berlin\/wp-content\/uploads\/2025\/05\/EDIT-72-200x300.jpg 200w, https:\/\/frzz.berlin\/wp-content\/uploads\/2025\/05\/EDIT-72-768x1150.jpg 768w, https:\/\/frzz.berlin\/wp-content\/uploads\/2025\/05\/EDIT-72-1026x1536.jpg 1026w, https:\/\/frzz.berlin\/wp-content\/uploads\/2025\/05\/EDIT-72-1368x2048.jpg 1368w, https:\/\/frzz.berlin\/wp-content\/uploads\/2025\/05\/EDIT-72-scaled.jpg 1710w\" sizes=\"(max-width: 684px) 100vw, 684px\" \/>\t\t\t\t\t\t\t\t\t\t\t\t\t\t\t<\/div>\n\t\t\t\t<\/div>\n\t\t\t\t<\/div>\n\t\t\t\t<\/div>\n\t\t<div class=\"elementor-element elementor-element-27238da e-con-full e-flex wpr-particle-no wpr-jarallax-no wpr-parallax-no wpr-sticky-section-no e-con e-child\" data-id=\"27238da\" data-element_type=\"container\">\n\t\t<div class=\"elementor-element elementor-element-476ca83 e-con-full e-flex wpr-particle-no wpr-jarallax-no wpr-parallax-no wpr-sticky-section-no e-con e-child\" data-id=\"476ca83\" data-element_type=\"container\">\n\t\t\t\t<div class=\"elementor-element elementor-element-eac4371 elementor-widget elementor-widget-heading\" data-id=\"eac4371\" data-element_type=\"widget\" data-widget_type=\"heading.default\">\n\t\t\t\t<div class=\"elementor-widget-container\">\n\t\t\t\t\t<h2 class=\"elementor-heading-title elementor-size-default\">Satin Pants<\/h2>\t\t\t\t<\/div>\n\t\t\t\t<\/div>\n\t\t\t\t<\/div>\n\t\t<div class=\"elementor-element elementor-element-cfdcc2c e-con-full e-flex wpr-particle-no wpr-jarallax-no wpr-parallax-no wpr-sticky-section-no e-con e-child\" data-id=\"cfdcc2c\" data-element_type=\"container\">\n\t\t\t\t<div class=\"elementor-element elementor-element-a9eecd1 elementor-widget elementor-widget-text-editor\" data-id=\"a9eecd1\" data-element_type=\"widget\" data-widget_type=\"text-editor.default\">\n\t\t\t\t<div class=\"elementor-widget-container\">\n\t\t\t\t\t\t\t\t\t<p data-start=\"0\" data-end=\"447\">Die Satin Pants bewegen sich wie Wasser \u2013 weich, flie\u00dfend, fast schwerelos. Ihr grau-anthrazitfarbener Stoff changiert dezent im Licht und verleiht jedem Schritt eine stille Eleganz. Durch den Verzicht auf Au\u00dfenn\u00e4hte bleibt die Bewegung ungebrochen und der Look klar. Der Gummibund mit Stopper passt sich individuell an und sorgt f\u00fcr maximalen Komfort bei gleichzeitig pr\u00e4zisem Sitz.\u00a0<\/p><p data-start=\"0\" data-end=\"447\"><strong data-start=\"438\" data-end=\"456\">Preis: <\/strong>220,-<\/p><p data-start=\"449\" data-end=\"547\" data-is-last-node=\"\" data-is-only-node=\"\"><strong data-start=\"449\" data-end=\"467\">Pflegehinweis:<\/strong> Nur im Feinw\u00e4sche-Programm oder per Hand waschen. Maximal 30\u202f\u00b0C, nur mit \u00e4hnlichen Farben waschen.<\/p>\t\t\t\t\t\t\t\t<\/div>\n\t\t\t\t<\/div>\n\t\t\t\t<\/div>\n\t\t<div class=\"elementor-element elementor-element-b2977fa e-con-full e-flex wpr-particle-no wpr-jarallax-no wpr-parallax-no wpr-sticky-section-no e-con e-child\" data-id=\"b2977fa\" data-element_type=\"container\">\n\t\t\t\t<div class=\"elementor-element elementor-element-f24e31d elementor-align-justify elementor-widget elementor-widget-button\" data-id=\"f24e31d\" data-element_type=\"widget\" data-widget_type=\"button.default\">\n\t\t\t\t<div class=\"elementor-widget-container\">\n\t\t\t\t\t\t\t\t\t<div class=\"elementor-button-wrapper\">\n\t\t\t\t\t<a class=\"elementor-button elementor-button-link elementor-size-sm\" href=\"https:\/\/frzz.berlin\/?page_id=320\">\n\t\t\t\t\t\t<span class=\"elementor-button-content-wrapper\">\n\t\t\t\t\t\t\t\t\t<span class=\"elementor-button-text\">Kontakt<\/span>\n\t\t\t\t\t<\/span>\n\t\t\t\t\t<\/a>\n\t\t\t\t<\/div>\n\t\t\t\t\t\t\t\t<\/div>\n\t\t\t\t<\/div>\n\t\t\t\t<\/div>\n\t\t\t\t<\/div>\n\t\t\t\t<\/div>\n\t\t\t\t<\/div>\n\t\t","protected":false},"excerpt":{"rendered":"<p>Satin Pants Die Satin Pants bewegen sich wie Wasser \u2013 weich, flie\u00dfend, fast schwerelos. Ihr grau-anthrazitfarbener Stoff changiert dezent im Licht und verleiht jedem Schritt eine stille Eleganz. Durch den Verzicht auf Au\u00dfenn\u00e4hte bleibt die Bewegung ungebrochen und der Look klar. Der Gummibund mit Stopper passt sich individuell an und sorgt f\u00fcr maximalen Komfort bei gleichzeitig pr\u00e4zisem Sitz.\u00a0 Preis: 220,- Pflegehinweis: Nur im Feinw\u00e4sche-Programm oder per Hand waschen. Maximal 30\u202f\u00b0C, nur mit \u00e4hnlichen Farben waschen. Kontakt<\/p>\n","protected":false},"author":1,"featured_media":0,"parent":0,"menu_order":0,"comment_status":"closed","ping_status":"closed","template":"elementor_canvas","meta":{"footnotes":""},"class_list":["post-376","page","type-page","status-publish","hentry"],"_links":{"self":[{"href":"https:\/\/frzz.berlin\/index.php?rest_route=\/wp\/v2\/pages\/376","targetHints":{"allow":["GET"]}}],"collection":[{"href":"https:\/\/frzz.berlin\/index.php?rest_route=\/wp\/v2\/pages"}],"about":[{"href":"https:\/\/frzz.berlin\/index.php?rest_route=\/wp\/v2\/types\/page"}],"author":[{"embeddable":true,"href":"https:\/\/frzz.berlin\/index.php?rest_route=\/wp\/v2\/users\/1"}],"replies":[{"embeddable":true,"href":"https:\/\/frzz.berlin\/index.php?rest_route=%2Fwp%2Fv2%2Fcomments&post=376"}],"version-history":[{"count":19,"href":"https:\/\/frzz.berlin\/index.php?rest_route=\/wp\/v2\/pages\/376\/revisions"}],"predecessor-version":[{"id":1049,"href":"https:\/\/frzz.berlin\/index.php?rest_route=\/wp\/v2\/pages\/376\/revisions\/1049"}],"wp:attachment":[{"href":"https:\/\/frzz.berlin\/index.php?rest_route=%2Fwp%2Fv2%2Fmedia&parent=376"}],"curies":[{"name":"wp","href":"https:\/\/api.w.org\/{rel}","templated":true}]}}