{"id":397,"date":"2025-06-04T07:54:27","date_gmt":"2025-06-04T07:54:27","guid":{"rendered":"https:\/\/frzz.berlin\/?page_id=397"},"modified":"2026-02-10T13:29:38","modified_gmt":"2026-02-10T13:29:38","slug":"flared-pants","status":"publish","type":"page","link":"https:\/\/frzz.berlin\/?page_id=397","title":{"rendered":"Flared Pants"},"content":{"rendered":"\t\t<div data-elementor-type=\"wp-page\" data-elementor-id=\"397\" class=\"elementor elementor-397\">\n\t\t\t\t<div class=\"elementor-element elementor-element-743bfa5 e-con-full e-flex wpr-particle-no wpr-jarallax-no wpr-parallax-no wpr-sticky-section-no e-con e-parent\" data-id=\"743bfa5\" data-element_type=\"container\">\n\t\t<div class=\"elementor-element elementor-element-37b8f21 e-con-full e-flex wpr-particle-no wpr-jarallax-no wpr-parallax-no wpr-sticky-section-no e-con e-child\" data-id=\"37b8f21\" data-element_type=\"container\">\n\t\t<div class=\"elementor-element elementor-element-0131708 e-grid e-con-full wpr-particle-no wpr-jarallax-no wpr-parallax-no wpr-sticky-section-no e-con e-child\" data-id=\"0131708\" data-element_type=\"container\">\n\t\t\t\t<div class=\"elementor-element elementor-element-d7a557c elementor-widget elementor-widget-image\" data-id=\"d7a557c\" data-element_type=\"widget\" data-widget_type=\"image.default\">\n\t\t\t\t<div class=\"elementor-widget-container\">\n\t\t\t\t\t\t\t\t\t\t\t\t\t\t\t<img fetchpriority=\"high\" decoding=\"async\" width=\"672\" height=\"1024\" src=\"https:\/\/frzz.berlin\/wp-content\/uploads\/2025\/05\/EDIT-306-1-672x1024.jpg\" class=\"attachment-large size-large wp-image-211\" alt=\"\" srcset=\"https:\/\/frzz.berlin\/wp-content\/uploads\/2025\/05\/EDIT-306-1-672x1024.jpg 672w, https:\/\/frzz.berlin\/wp-content\/uploads\/2025\/05\/EDIT-306-1-197x300.jpg 197w, https:\/\/frzz.berlin\/wp-content\/uploads\/2025\/05\/EDIT-306-1-768x1170.jpg 768w, https:\/\/frzz.berlin\/wp-content\/uploads\/2025\/05\/EDIT-306-1-1008x1536.jpg 1008w, https:\/\/frzz.berlin\/wp-content\/uploads\/2025\/05\/EDIT-306-1-1344x2048.jpg 1344w, https:\/\/frzz.berlin\/wp-content\/uploads\/2025\/05\/EDIT-306-1-scaled.jpg 1680w\" sizes=\"(max-width: 672px) 100vw, 672px\" \/>\t\t\t\t\t\t\t\t\t\t\t\t\t\t\t<\/div>\n\t\t\t\t<\/div>\n\t\t\t\t<div class=\"elementor-element elementor-element-d449e76 elementor-widget elementor-widget-image\" data-id=\"d449e76\" data-element_type=\"widget\" data-widget_type=\"image.default\">\n\t\t\t\t<div class=\"elementor-widget-container\">\n\t\t\t\t\t\t\t\t\t\t\t\t\t\t\t<img decoding=\"async\" width=\"684\" height=\"1024\" src=\"https:\/\/frzz.berlin\/wp-content\/uploads\/2025\/05\/EDIT-307-684x1024.jpg\" class=\"attachment-large size-large wp-image-212\" alt=\"\" srcset=\"https:\/\/frzz.berlin\/wp-content\/uploads\/2025\/05\/EDIT-307-684x1024.jpg 684w, https:\/\/frzz.berlin\/wp-content\/uploads\/2025\/05\/EDIT-307-200x300.jpg 200w, https:\/\/frzz.berlin\/wp-content\/uploads\/2025\/05\/EDIT-307-768x1150.jpg 768w, https:\/\/frzz.berlin\/wp-content\/uploads\/2025\/05\/EDIT-307-1026x1536.jpg 1026w, https:\/\/frzz.berlin\/wp-content\/uploads\/2025\/05\/EDIT-307-1368x2048.jpg 1368w, https:\/\/frzz.berlin\/wp-content\/uploads\/2025\/05\/EDIT-307-scaled.jpg 1710w\" sizes=\"(max-width: 684px) 100vw, 684px\" \/>\t\t\t\t\t\t\t\t\t\t\t\t\t\t\t<\/div>\n\t\t\t\t<\/div>\n\t\t\t\t<div class=\"elementor-element elementor-element-25177fe elementor-widget elementor-widget-image\" data-id=\"25177fe\" data-element_type=\"widget\" data-widget_type=\"image.default\">\n\t\t\t\t<div class=\"elementor-widget-container\">\n\t\t\t\t\t\t\t\t\t\t\t\t\t\t\t<img decoding=\"async\" width=\"684\" height=\"1024\" src=\"https:\/\/frzz.berlin\/wp-content\/uploads\/2025\/05\/EDIT-303-684x1024.jpg\" class=\"attachment-large size-large wp-image-209\" alt=\"\" srcset=\"https:\/\/frzz.berlin\/wp-content\/uploads\/2025\/05\/EDIT-303-684x1024.jpg 684w, https:\/\/frzz.berlin\/wp-content\/uploads\/2025\/05\/EDIT-303-200x300.jpg 200w, https:\/\/frzz.berlin\/wp-content\/uploads\/2025\/05\/EDIT-303-768x1150.jpg 768w, https:\/\/frzz.berlin\/wp-content\/uploads\/2025\/05\/EDIT-303-1026x1536.jpg 1026w, https:\/\/frzz.berlin\/wp-content\/uploads\/2025\/05\/EDIT-303-1368x2048.jpg 1368w, https:\/\/frzz.berlin\/wp-content\/uploads\/2025\/05\/EDIT-303-scaled.jpg 1710w\" sizes=\"(max-width: 684px) 100vw, 684px\" \/>\t\t\t\t\t\t\t\t\t\t\t\t\t\t\t<\/div>\n\t\t\t\t<\/div>\n\t\t\t\t<div class=\"elementor-element elementor-element-5a745d1 elementor-widget elementor-widget-image\" data-id=\"5a745d1\" data-element_type=\"widget\" data-widget_type=\"image.default\">\n\t\t\t\t<div class=\"elementor-widget-container\">\n\t\t\t\t\t\t\t\t\t\t\t\t\t\t\t<img loading=\"lazy\" decoding=\"async\" width=\"684\" height=\"1024\" src=\"https:\/\/frzz.berlin\/wp-content\/uploads\/2025\/05\/EDIT-300-684x1024.jpg\" class=\"attachment-large size-large wp-image-208\" alt=\"\" srcset=\"https:\/\/frzz.berlin\/wp-content\/uploads\/2025\/05\/EDIT-300-684x1024.jpg 684w, https:\/\/frzz.berlin\/wp-content\/uploads\/2025\/05\/EDIT-300-200x300.jpg 200w, https:\/\/frzz.berlin\/wp-content\/uploads\/2025\/05\/EDIT-300-768x1150.jpg 768w, https:\/\/frzz.berlin\/wp-content\/uploads\/2025\/05\/EDIT-300-1026x1536.jpg 1026w, https:\/\/frzz.berlin\/wp-content\/uploads\/2025\/05\/EDIT-300-1368x2048.jpg 1368w, https:\/\/frzz.berlin\/wp-content\/uploads\/2025\/05\/EDIT-300-scaled.jpg 1710w\" sizes=\"(max-width: 684px) 100vw, 684px\" \/>\t\t\t\t\t\t\t\t\t\t\t\t\t\t\t<\/div>\n\t\t\t\t<\/div>\n\t\t\t\t<div class=\"elementor-element elementor-element-3b31752 elementor-widget elementor-widget-image\" data-id=\"3b31752\" data-element_type=\"widget\" data-widget_type=\"image.default\">\n\t\t\t\t<div class=\"elementor-widget-container\">\n\t\t\t\t\t\t\t\t\t\t\t\t\t\t\t<img loading=\"lazy\" decoding=\"async\" width=\"684\" height=\"1024\" src=\"https:\/\/frzz.berlin\/wp-content\/uploads\/2025\/05\/EDIT-305-684x1024.jpg\" class=\"attachment-large size-large wp-image-210\" alt=\"\" srcset=\"https:\/\/frzz.berlin\/wp-content\/uploads\/2025\/05\/EDIT-305-684x1024.jpg 684w, https:\/\/frzz.berlin\/wp-content\/uploads\/2025\/05\/EDIT-305-200x300.jpg 200w, https:\/\/frzz.berlin\/wp-content\/uploads\/2025\/05\/EDIT-305-768x1150.jpg 768w, https:\/\/frzz.berlin\/wp-content\/uploads\/2025\/05\/EDIT-305-1026x1536.jpg 1026w, https:\/\/frzz.berlin\/wp-content\/uploads\/2025\/05\/EDIT-305-1368x2048.jpg 1368w, https:\/\/frzz.berlin\/wp-content\/uploads\/2025\/05\/EDIT-305-scaled.jpg 1710w\" sizes=\"(max-width: 684px) 100vw, 684px\" \/>\t\t\t\t\t\t\t\t\t\t\t\t\t\t\t<\/div>\n\t\t\t\t<\/div>\n\t\t\t\t<\/div>\n\t\t\t\t<\/div>\n\t\t<div class=\"elementor-element elementor-element-308135b e-con-full e-flex wpr-particle-no wpr-jarallax-no wpr-parallax-no wpr-sticky-section-no e-con e-child\" data-id=\"308135b\" data-element_type=\"container\">\n\t\t<div class=\"elementor-element elementor-element-915bc6e e-con-full e-flex wpr-particle-no wpr-jarallax-no wpr-parallax-no wpr-sticky-section-no e-con e-child\" data-id=\"915bc6e\" data-element_type=\"container\">\n\t\t\t\t<div class=\"elementor-element elementor-element-ae77ca1 elementor-widget elementor-widget-heading\" data-id=\"ae77ca1\" data-element_type=\"widget\" data-widget_type=\"heading.default\">\n\t\t\t\t<div class=\"elementor-widget-container\">\n\t\t\t\t\t<h2 class=\"elementor-heading-title elementor-size-default\">Flared Pants<\/h2>\t\t\t\t<\/div>\n\t\t\t\t<\/div>\n\t\t\t\t<\/div>\n\t\t<div class=\"elementor-element elementor-element-ed3eb7a e-con-full e-flex wpr-particle-no wpr-jarallax-no wpr-parallax-no wpr-sticky-section-no e-con e-child\" data-id=\"ed3eb7a\" data-element_type=\"container\">\n\t\t\t\t<div class=\"elementor-element elementor-element-0f224e9 elementor-widget elementor-widget-text-editor\" data-id=\"0f224e9\" data-element_type=\"widget\" data-widget_type=\"text-editor.default\">\n\t\t\t\t<div class=\"elementor-widget-container\">\n\t\t\t\t\t\t\t\t\t<p data-start=\"0\" data-end=\"396\">Die Flared Pants verbinden klare Linien mit weichem Glanz. Der stretchy Stoff schmiegt sich an den K\u00f6rper, w\u00e4hrend der elastische Gummibund f\u00fcr maximalen Komfort sorgt. Der weite Schlag setzt ein kraftvolles Statement, das durch den Clean Cut am Saum ein modernes Finish bekommt.\u00a0<\/p><p data-start=\"0\" data-end=\"396\"><strong data-start=\"438\" data-end=\"456\">Preis: <\/strong>220,-<\/p><p data-start=\"398\" data-end=\"521\" data-is-last-node=\"\" data-is-only-node=\"\"><strong data-start=\"398\" data-end=\"416\">Pflegehinweis:<\/strong> Nur im Feinw\u00e4sche-Programm oder per Hand waschen. Maximal 40\u202f\u00b0C, nur mit \u00e4hnlichen Farben waschen.<\/p>\t\t\t\t\t\t\t\t<\/div>\n\t\t\t\t<\/div>\n\t\t\t\t<\/div>\n\t\t<div class=\"elementor-element elementor-element-14107be e-con-full e-flex wpr-particle-no wpr-jarallax-no wpr-parallax-no wpr-sticky-section-no e-con e-child\" data-id=\"14107be\" data-element_type=\"container\">\n\t\t\t\t<div class=\"elementor-element elementor-element-7bfa6cc elementor-align-justify elementor-widget elementor-widget-button\" data-id=\"7bfa6cc\" data-element_type=\"widget\" data-widget_type=\"button.default\">\n\t\t\t\t<div class=\"elementor-widget-container\">\n\t\t\t\t\t\t\t\t\t<div class=\"elementor-button-wrapper\">\n\t\t\t\t\t<a class=\"elementor-button elementor-button-link elementor-size-sm\" href=\"https:\/\/frzz.berlin\/?page_id=320\">\n\t\t\t\t\t\t<span class=\"elementor-button-content-wrapper\">\n\t\t\t\t\t\t\t\t\t<span class=\"elementor-button-text\">Kontakt<\/span>\n\t\t\t\t\t<\/span>\n\t\t\t\t\t<\/a>\n\t\t\t\t<\/div>\n\t\t\t\t\t\t\t\t<\/div>\n\t\t\t\t<\/div>\n\t\t\t\t<\/div>\n\t\t\t\t<\/div>\n\t\t\t\t<\/div>\n\t\t<div class=\"elementor-element elementor-element-d8fcbe8 e-flex e-con-boxed wpr-particle-no wpr-jarallax-no wpr-parallax-no wpr-sticky-section-no e-con e-parent\" data-id=\"d8fcbe8\" data-element_type=\"container\">\n\t\t\t\t\t<div class=\"e-con-inner\">\n\t\t\t\t\t<\/div>\n\t\t\t\t<\/div>\n\t\t\t\t<\/div>\n\t\t","protected":false},"excerpt":{"rendered":"<p>Flared Pants Die Flared Pants verbinden klare Linien mit weichem Glanz. Der stretchy Stoff schmiegt sich an den K\u00f6rper, w\u00e4hrend der elastische Gummibund f\u00fcr maximalen Komfort sorgt. Der weite Schlag setzt ein kraftvolles Statement, das durch den Clean Cut am Saum ein modernes Finish bekommt.\u00a0 Preis: 220,- Pflegehinweis: Nur im Feinw\u00e4sche-Programm oder per Hand waschen. Maximal 40\u202f\u00b0C, nur mit \u00e4hnlichen Farben waschen. Kontakt<\/p>\n","protected":false},"author":1,"featured_media":0,"parent":0,"menu_order":0,"comment_status":"closed","ping_status":"closed","template":"elementor_canvas","meta":{"footnotes":""},"class_list":["post-397","page","type-page","status-publish","hentry"],"_links":{"self":[{"href":"https:\/\/frzz.berlin\/index.php?rest_route=\/wp\/v2\/pages\/397","targetHints":{"allow":["GET"]}}],"collection":[{"href":"https:\/\/frzz.berlin\/index.php?rest_route=\/wp\/v2\/pages"}],"about":[{"href":"https:\/\/frzz.berlin\/index.php?rest_route=\/wp\/v2\/types\/page"}],"author":[{"embeddable":true,"href":"https:\/\/frzz.berlin\/index.php?rest_route=\/wp\/v2\/users\/1"}],"replies":[{"embeddable":true,"href":"https:\/\/frzz.berlin\/index.php?rest_route=%2Fwp%2Fv2%2Fcomments&post=397"}],"version-history":[{"count":64,"href":"https:\/\/frzz.berlin\/index.php?rest_route=\/wp\/v2\/pages\/397\/revisions"}],"predecessor-version":[{"id":1079,"href":"https:\/\/frzz.berlin\/index.php?rest_route=\/wp\/v2\/pages\/397\/revisions\/1079"}],"wp:attachment":[{"href":"https:\/\/frzz.berlin\/index.php?rest_route=%2Fwp%2Fv2%2Fmedia&parent=397"}],"curies":[{"name":"wp","href":"https:\/\/api.w.org\/{rel}","templated":true}]}}