{"id":407,"date":"2025-06-04T07:53:35","date_gmt":"2025-06-04T07:53:35","guid":{"rendered":"https:\/\/frzz.berlin\/?page_id=407"},"modified":"2026-02-10T13:28:40","modified_gmt":"2026-02-10T13:28:40","slug":"lace-flared-pants","status":"publish","type":"page","link":"https:\/\/frzz.berlin\/?page_id=407","title":{"rendered":"Lace Flared Pants"},"content":{"rendered":"\t\t<div data-elementor-type=\"wp-page\" data-elementor-id=\"407\" class=\"elementor elementor-407\">\n\t\t\t\t<div class=\"elementor-element elementor-element-958463f e-con-full e-flex wpr-particle-no wpr-jarallax-no wpr-parallax-no wpr-sticky-section-no e-con e-parent\" data-id=\"958463f\" data-element_type=\"container\">\n\t\t<div class=\"elementor-element elementor-element-8ebd1ff e-con-full e-flex wpr-particle-no wpr-jarallax-no wpr-parallax-no wpr-sticky-section-no e-con e-child\" data-id=\"8ebd1ff\" data-element_type=\"container\">\n\t\t<div class=\"elementor-element elementor-element-fdbd65c e-grid e-con-full wpr-particle-no wpr-jarallax-no wpr-parallax-no wpr-sticky-section-no e-con e-child\" data-id=\"fdbd65c\" data-element_type=\"container\">\n\t\t\t\t<div class=\"elementor-element elementor-element-1aa6e6d elementor-widget elementor-widget-image\" data-id=\"1aa6e6d\" data-element_type=\"widget\" data-widget_type=\"image.default\">\n\t\t\t\t<div class=\"elementor-widget-container\">\n\t\t\t\t\t\t\t\t\t\t\t\t\t\t\t<img fetchpriority=\"high\" decoding=\"async\" width=\"684\" height=\"1024\" src=\"https:\/\/frzz.berlin\/wp-content\/uploads\/2025\/05\/EDIT-401-1-684x1024.jpg\" class=\"attachment-large size-large wp-image-249\" alt=\"\" srcset=\"https:\/\/frzz.berlin\/wp-content\/uploads\/2025\/05\/EDIT-401-1-684x1024.jpg 684w, https:\/\/frzz.berlin\/wp-content\/uploads\/2025\/05\/EDIT-401-1-200x300.jpg 200w, https:\/\/frzz.berlin\/wp-content\/uploads\/2025\/05\/EDIT-401-1-768x1150.jpg 768w, https:\/\/frzz.berlin\/wp-content\/uploads\/2025\/05\/EDIT-401-1-1026x1536.jpg 1026w, https:\/\/frzz.berlin\/wp-content\/uploads\/2025\/05\/EDIT-401-1-1368x2048.jpg 1368w, https:\/\/frzz.berlin\/wp-content\/uploads\/2025\/05\/EDIT-401-1-scaled.jpg 1710w\" sizes=\"(max-width: 684px) 100vw, 684px\" \/>\t\t\t\t\t\t\t\t\t\t\t\t\t\t\t<\/div>\n\t\t\t\t<\/div>\n\t\t\t\t<div class=\"elementor-element elementor-element-97a211c elementor-widget elementor-widget-image\" data-id=\"97a211c\" data-element_type=\"widget\" data-widget_type=\"image.default\">\n\t\t\t\t<div class=\"elementor-widget-container\">\n\t\t\t\t\t\t\t\t\t\t\t\t\t\t\t<img decoding=\"async\" width=\"684\" height=\"1024\" src=\"https:\/\/frzz.berlin\/wp-content\/uploads\/2025\/05\/EDIT-366-684x1024.jpg\" class=\"attachment-large size-large wp-image-241\" alt=\"\" srcset=\"https:\/\/frzz.berlin\/wp-content\/uploads\/2025\/05\/EDIT-366-684x1024.jpg 684w, https:\/\/frzz.berlin\/wp-content\/uploads\/2025\/05\/EDIT-366-200x300.jpg 200w, https:\/\/frzz.berlin\/wp-content\/uploads\/2025\/05\/EDIT-366-768x1150.jpg 768w, https:\/\/frzz.berlin\/wp-content\/uploads\/2025\/05\/EDIT-366-1026x1536.jpg 1026w, https:\/\/frzz.berlin\/wp-content\/uploads\/2025\/05\/EDIT-366-1368x2048.jpg 1368w, https:\/\/frzz.berlin\/wp-content\/uploads\/2025\/05\/EDIT-366-scaled.jpg 1710w\" sizes=\"(max-width: 684px) 100vw, 684px\" \/>\t\t\t\t\t\t\t\t\t\t\t\t\t\t\t<\/div>\n\t\t\t\t<\/div>\n\t\t\t\t<div class=\"elementor-element elementor-element-f20fb82 elementor-widget elementor-widget-image\" data-id=\"f20fb82\" data-element_type=\"widget\" data-widget_type=\"image.default\">\n\t\t\t\t<div class=\"elementor-widget-container\">\n\t\t\t\t\t\t\t\t\t\t\t\t\t\t\t<img decoding=\"async\" width=\"684\" height=\"1024\" src=\"https:\/\/frzz.berlin\/wp-content\/uploads\/2025\/05\/EDIT-411-684x1024.jpg\" class=\"attachment-large size-large wp-image-252\" alt=\"\" srcset=\"https:\/\/frzz.berlin\/wp-content\/uploads\/2025\/05\/EDIT-411-684x1024.jpg 684w, https:\/\/frzz.berlin\/wp-content\/uploads\/2025\/05\/EDIT-411-200x300.jpg 200w, https:\/\/frzz.berlin\/wp-content\/uploads\/2025\/05\/EDIT-411-768x1150.jpg 768w, https:\/\/frzz.berlin\/wp-content\/uploads\/2025\/05\/EDIT-411-1026x1536.jpg 1026w, https:\/\/frzz.berlin\/wp-content\/uploads\/2025\/05\/EDIT-411-1368x2048.jpg 1368w, https:\/\/frzz.berlin\/wp-content\/uploads\/2025\/05\/EDIT-411-scaled.jpg 1710w\" sizes=\"(max-width: 684px) 100vw, 684px\" \/>\t\t\t\t\t\t\t\t\t\t\t\t\t\t\t<\/div>\n\t\t\t\t<\/div>\n\t\t\t\t<div class=\"elementor-element elementor-element-8bf9450 elementor-widget elementor-widget-image\" data-id=\"8bf9450\" data-element_type=\"widget\" data-widget_type=\"image.default\">\n\t\t\t\t<div class=\"elementor-widget-container\">\n\t\t\t\t\t\t\t\t\t\t\t\t\t\t\t<img loading=\"lazy\" decoding=\"async\" width=\"684\" height=\"1024\" src=\"https:\/\/frzz.berlin\/wp-content\/uploads\/2025\/05\/EDIT-364-684x1024.jpg\" class=\"attachment-large size-large wp-image-240\" alt=\"\" srcset=\"https:\/\/frzz.berlin\/wp-content\/uploads\/2025\/05\/EDIT-364-684x1024.jpg 684w, https:\/\/frzz.berlin\/wp-content\/uploads\/2025\/05\/EDIT-364-200x300.jpg 200w, https:\/\/frzz.berlin\/wp-content\/uploads\/2025\/05\/EDIT-364-768x1150.jpg 768w, https:\/\/frzz.berlin\/wp-content\/uploads\/2025\/05\/EDIT-364-1026x1536.jpg 1026w, https:\/\/frzz.berlin\/wp-content\/uploads\/2025\/05\/EDIT-364-1368x2048.jpg 1368w, https:\/\/frzz.berlin\/wp-content\/uploads\/2025\/05\/EDIT-364-scaled.jpg 1710w\" sizes=\"(max-width: 684px) 100vw, 684px\" \/>\t\t\t\t\t\t\t\t\t\t\t\t\t\t\t<\/div>\n\t\t\t\t<\/div>\n\t\t\t\t<div class=\"elementor-element elementor-element-83e7bd3 elementor-widget elementor-widget-image\" data-id=\"83e7bd3\" data-element_type=\"widget\" data-widget_type=\"image.default\">\n\t\t\t\t<div class=\"elementor-widget-container\">\n\t\t\t\t\t\t\t\t\t\t\t\t\t\t\t<img loading=\"lazy\" decoding=\"async\" width=\"684\" height=\"1024\" src=\"https:\/\/frzz.berlin\/wp-content\/uploads\/2025\/05\/EDIT-356-684x1024.jpg\" class=\"attachment-large size-large wp-image-239\" alt=\"\" srcset=\"https:\/\/frzz.berlin\/wp-content\/uploads\/2025\/05\/EDIT-356-684x1024.jpg 684w, https:\/\/frzz.berlin\/wp-content\/uploads\/2025\/05\/EDIT-356-200x300.jpg 200w, https:\/\/frzz.berlin\/wp-content\/uploads\/2025\/05\/EDIT-356-768x1150.jpg 768w, https:\/\/frzz.berlin\/wp-content\/uploads\/2025\/05\/EDIT-356-1026x1536.jpg 1026w, https:\/\/frzz.berlin\/wp-content\/uploads\/2025\/05\/EDIT-356-1368x2048.jpg 1368w, https:\/\/frzz.berlin\/wp-content\/uploads\/2025\/05\/EDIT-356-scaled.jpg 1710w\" sizes=\"(max-width: 684px) 100vw, 684px\" \/>\t\t\t\t\t\t\t\t\t\t\t\t\t\t\t<\/div>\n\t\t\t\t<\/div>\n\t\t\t\t<\/div>\n\t\t\t\t<\/div>\n\t\t<div class=\"elementor-element elementor-element-65e7b2e e-con-full e-flex wpr-particle-no wpr-jarallax-no wpr-parallax-no wpr-sticky-section-no e-con e-child\" data-id=\"65e7b2e\" data-element_type=\"container\">\n\t\t<div class=\"elementor-element elementor-element-f346082 e-con-full e-flex wpr-particle-no wpr-jarallax-no wpr-parallax-no wpr-sticky-section-no e-con e-child\" data-id=\"f346082\" data-element_type=\"container\">\n\t\t\t\t<div class=\"elementor-element elementor-element-0581392 elementor-widget elementor-widget-heading\" data-id=\"0581392\" data-element_type=\"widget\" data-widget_type=\"heading.default\">\n\t\t\t\t<div class=\"elementor-widget-container\">\n\t\t\t\t\t<h2 class=\"elementor-heading-title elementor-size-default\">Lace Flared Pants<\/h2>\t\t\t\t<\/div>\n\t\t\t\t<\/div>\n\t\t\t\t<\/div>\n\t\t<div class=\"elementor-element elementor-element-ffbdd17 e-con-full e-flex wpr-particle-no wpr-jarallax-no wpr-parallax-no wpr-sticky-section-no e-con e-child\" data-id=\"ffbdd17\" data-element_type=\"container\">\n\t\t\t\t<div class=\"elementor-element elementor-element-7390fcf elementor-widget elementor-widget-text-editor\" data-id=\"7390fcf\" data-element_type=\"widget\" data-widget_type=\"text-editor.default\">\n\t\t\t\t<div class=\"elementor-widget-container\">\n\t\t\t\t\t\t\t\t\t<p data-start=\"0\" data-end=\"402\">Die Lace Flared Pants setzen ein klares Statement. Gefertigt aus schwerem, schwarzem Spitzenstoff, tragen sie sich sp\u00fcrbar hochwertig und zugleich sinnlich. Der elastische Bund sorgt f\u00fcr sicheren Halt an jedem K\u00f6rper, der weite Schlag l\u00e4sst Bewegung Raum.\u00a0<\/p><p data-start=\"0\" data-end=\"402\"><strong data-start=\"438\" data-end=\"456\">Preis: <\/strong>240,-<\/p><p data-start=\"404\" data-end=\"527\" data-is-last-node=\"\" data-is-only-node=\"\"><strong data-start=\"404\" data-end=\"422\">Pflegehinweis:<\/strong> Nur im Feinw\u00e4sche-Programm oder per Hand waschen. Maximal 30\u202f\u00b0C, nur mit \u00e4hnlichen Farben waschen.<\/p>\t\t\t\t\t\t\t\t<\/div>\n\t\t\t\t<\/div>\n\t\t\t\t<\/div>\n\t\t<div class=\"elementor-element elementor-element-a39d265 e-con-full e-flex wpr-particle-no wpr-jarallax-no wpr-parallax-no wpr-sticky-section-no e-con e-child\" data-id=\"a39d265\" data-element_type=\"container\">\n\t\t\t\t<div class=\"elementor-element elementor-element-b7c68ec elementor-align-justify elementor-widget elementor-widget-button\" data-id=\"b7c68ec\" data-element_type=\"widget\" data-widget_type=\"button.default\">\n\t\t\t\t<div class=\"elementor-widget-container\">\n\t\t\t\t\t\t\t\t\t<div class=\"elementor-button-wrapper\">\n\t\t\t\t\t<a class=\"elementor-button elementor-button-link elementor-size-sm\" href=\"https:\/\/frzz.berlin\/?page_id=320\">\n\t\t\t\t\t\t<span class=\"elementor-button-content-wrapper\">\n\t\t\t\t\t\t\t\t\t<span class=\"elementor-button-text\">Kontakt<\/span>\n\t\t\t\t\t<\/span>\n\t\t\t\t\t<\/a>\n\t\t\t\t<\/div>\n\t\t\t\t\t\t\t\t<\/div>\n\t\t\t\t<\/div>\n\t\t\t\t<\/div>\n\t\t\t\t<\/div>\n\t\t\t\t<\/div>\n\t\t\t\t<\/div>\n\t\t","protected":false},"excerpt":{"rendered":"<p>Lace Flared Pants Die Lace Flared Pants setzen ein klares Statement. Gefertigt aus schwerem, schwarzem Spitzenstoff, tragen sie sich sp\u00fcrbar hochwertig und zugleich sinnlich. Der elastische Bund sorgt f\u00fcr sicheren Halt an jedem K\u00f6rper, der weite Schlag l\u00e4sst Bewegung Raum.\u00a0 Preis: 240,- Pflegehinweis: Nur im Feinw\u00e4sche-Programm oder per Hand waschen. Maximal 30\u202f\u00b0C, nur mit \u00e4hnlichen Farben waschen. Kontakt<\/p>\n","protected":false},"author":1,"featured_media":0,"parent":0,"menu_order":0,"comment_status":"closed","ping_status":"closed","template":"elementor_canvas","meta":{"footnotes":""},"class_list":["post-407","page","type-page","status-publish","hentry"],"_links":{"self":[{"href":"https:\/\/frzz.berlin\/index.php?rest_route=\/wp\/v2\/pages\/407","targetHints":{"allow":["GET"]}}],"collection":[{"href":"https:\/\/frzz.berlin\/index.php?rest_route=\/wp\/v2\/pages"}],"about":[{"href":"https:\/\/frzz.berlin\/index.php?rest_route=\/wp\/v2\/types\/page"}],"author":[{"embeddable":true,"href":"https:\/\/frzz.berlin\/index.php?rest_route=\/wp\/v2\/users\/1"}],"replies":[{"embeddable":true,"href":"https:\/\/frzz.berlin\/index.php?rest_route=%2Fwp%2Fv2%2Fcomments&post=407"}],"version-history":[{"count":31,"href":"https:\/\/frzz.berlin\/index.php?rest_route=\/wp\/v2\/pages\/407\/revisions"}],"predecessor-version":[{"id":1073,"href":"https:\/\/frzz.berlin\/index.php?rest_route=\/wp\/v2\/pages\/407\/revisions\/1073"}],"wp:attachment":[{"href":"https:\/\/frzz.berlin\/index.php?rest_route=%2Fwp%2Fv2%2Fmedia&parent=407"}],"curies":[{"name":"wp","href":"https:\/\/api.w.org\/{rel}","templated":true}]}}