{"id":419,"date":"2025-06-04T07:52:51","date_gmt":"2025-06-04T07:52:51","guid":{"rendered":"https:\/\/frzz.berlin\/?page_id=419"},"modified":"2026-02-10T13:27:14","modified_gmt":"2026-02-10T13:27:14","slug":"paper-pants","status":"publish","type":"page","link":"https:\/\/frzz.berlin\/?page_id=419","title":{"rendered":"Paper Pants"},"content":{"rendered":"\t\t<div data-elementor-type=\"wp-page\" data-elementor-id=\"419\" class=\"elementor elementor-419\">\n\t\t\t\t<div class=\"elementor-element elementor-element-a67b3b5 e-con-full e-flex wpr-particle-no wpr-jarallax-no wpr-parallax-no wpr-sticky-section-no e-con e-parent\" data-id=\"a67b3b5\" data-element_type=\"container\">\n\t\t<div class=\"elementor-element elementor-element-8582fcc e-con-full e-flex wpr-particle-no wpr-jarallax-no wpr-parallax-no wpr-sticky-section-no e-con e-child\" data-id=\"8582fcc\" data-element_type=\"container\">\n\t\t<div class=\"elementor-element elementor-element-3cd1163 e-grid e-con-full wpr-particle-no wpr-jarallax-no wpr-parallax-no wpr-sticky-section-no e-con e-child\" data-id=\"3cd1163\" data-element_type=\"container\">\n\t\t\t\t<div class=\"elementor-element elementor-element-516a11d elementor-widget elementor-widget-image\" data-id=\"516a11d\" data-element_type=\"widget\" data-widget_type=\"image.default\">\n\t\t\t\t<div class=\"elementor-widget-container\">\n\t\t\t\t\t\t\t\t\t\t\t\t\t\t\t<img fetchpriority=\"high\" decoding=\"async\" width=\"684\" height=\"1024\" src=\"https:\/\/frzz.berlin\/wp-content\/uploads\/2025\/05\/EDIT-322-684x1024.jpg\" class=\"attachment-large size-large wp-image-220\" alt=\"\" srcset=\"https:\/\/frzz.berlin\/wp-content\/uploads\/2025\/05\/EDIT-322-684x1024.jpg 684w, https:\/\/frzz.berlin\/wp-content\/uploads\/2025\/05\/EDIT-322-200x300.jpg 200w, https:\/\/frzz.berlin\/wp-content\/uploads\/2025\/05\/EDIT-322-768x1150.jpg 768w, https:\/\/frzz.berlin\/wp-content\/uploads\/2025\/05\/EDIT-322-1026x1536.jpg 1026w, https:\/\/frzz.berlin\/wp-content\/uploads\/2025\/05\/EDIT-322-1368x2048.jpg 1368w, https:\/\/frzz.berlin\/wp-content\/uploads\/2025\/05\/EDIT-322-scaled.jpg 1710w\" sizes=\"(max-width: 684px) 100vw, 684px\" \/>\t\t\t\t\t\t\t\t\t\t\t\t\t\t\t<\/div>\n\t\t\t\t<\/div>\n\t\t\t\t<div class=\"elementor-element elementor-element-e10d1d1 elementor-widget elementor-widget-image\" data-id=\"e10d1d1\" data-element_type=\"widget\" data-widget_type=\"image.default\">\n\t\t\t\t<div class=\"elementor-widget-container\">\n\t\t\t\t\t\t\t\t\t\t\t\t\t\t\t<img decoding=\"async\" width=\"684\" height=\"1024\" src=\"https:\/\/frzz.berlin\/wp-content\/uploads\/2025\/05\/EDIT-325-684x1024.jpg\" class=\"attachment-large size-large wp-image-221\" alt=\"\" srcset=\"https:\/\/frzz.berlin\/wp-content\/uploads\/2025\/05\/EDIT-325-684x1024.jpg 684w, https:\/\/frzz.berlin\/wp-content\/uploads\/2025\/05\/EDIT-325-200x300.jpg 200w, https:\/\/frzz.berlin\/wp-content\/uploads\/2025\/05\/EDIT-325-768x1150.jpg 768w, https:\/\/frzz.berlin\/wp-content\/uploads\/2025\/05\/EDIT-325-1026x1536.jpg 1026w, https:\/\/frzz.berlin\/wp-content\/uploads\/2025\/05\/EDIT-325-1368x2048.jpg 1368w, https:\/\/frzz.berlin\/wp-content\/uploads\/2025\/05\/EDIT-325-scaled.jpg 1710w\" sizes=\"(max-width: 684px) 100vw, 684px\" \/>\t\t\t\t\t\t\t\t\t\t\t\t\t\t\t<\/div>\n\t\t\t\t<\/div>\n\t\t\t\t<div class=\"elementor-element elementor-element-8524cc6 elementor-widget elementor-widget-image\" data-id=\"8524cc6\" data-element_type=\"widget\" data-widget_type=\"image.default\">\n\t\t\t\t<div class=\"elementor-widget-container\">\n\t\t\t\t\t\t\t\t\t\t\t\t\t\t\t<img decoding=\"async\" width=\"684\" height=\"1024\" src=\"https:\/\/frzz.berlin\/wp-content\/uploads\/2025\/05\/EDIT-343-684x1024.jpg\" class=\"attachment-large size-large wp-image-231\" alt=\"\" srcset=\"https:\/\/frzz.berlin\/wp-content\/uploads\/2025\/05\/EDIT-343-684x1024.jpg 684w, https:\/\/frzz.berlin\/wp-content\/uploads\/2025\/05\/EDIT-343-200x300.jpg 200w, https:\/\/frzz.berlin\/wp-content\/uploads\/2025\/05\/EDIT-343-768x1150.jpg 768w, https:\/\/frzz.berlin\/wp-content\/uploads\/2025\/05\/EDIT-343-1026x1536.jpg 1026w, https:\/\/frzz.berlin\/wp-content\/uploads\/2025\/05\/EDIT-343-1368x2048.jpg 1368w, https:\/\/frzz.berlin\/wp-content\/uploads\/2025\/05\/EDIT-343-scaled.jpg 1710w\" sizes=\"(max-width: 684px) 100vw, 684px\" \/>\t\t\t\t\t\t\t\t\t\t\t\t\t\t\t<\/div>\n\t\t\t\t<\/div>\n\t\t\t\t<div class=\"elementor-element elementor-element-e8af57d elementor-widget elementor-widget-image\" data-id=\"e8af57d\" data-element_type=\"widget\" data-widget_type=\"image.default\">\n\t\t\t\t<div class=\"elementor-widget-container\">\n\t\t\t\t\t\t\t\t\t\t\t\t\t\t\t<img loading=\"lazy\" decoding=\"async\" width=\"684\" height=\"1024\" src=\"https:\/\/frzz.berlin\/wp-content\/uploads\/2025\/05\/EDIT-326-684x1024.jpg\" class=\"attachment-large size-large wp-image-222\" alt=\"\" srcset=\"https:\/\/frzz.berlin\/wp-content\/uploads\/2025\/05\/EDIT-326-684x1024.jpg 684w, https:\/\/frzz.berlin\/wp-content\/uploads\/2025\/05\/EDIT-326-200x300.jpg 200w, https:\/\/frzz.berlin\/wp-content\/uploads\/2025\/05\/EDIT-326-768x1150.jpg 768w, https:\/\/frzz.berlin\/wp-content\/uploads\/2025\/05\/EDIT-326-1026x1536.jpg 1026w, https:\/\/frzz.berlin\/wp-content\/uploads\/2025\/05\/EDIT-326-1368x2048.jpg 1368w, https:\/\/frzz.berlin\/wp-content\/uploads\/2025\/05\/EDIT-326-scaled.jpg 1710w\" sizes=\"(max-width: 684px) 100vw, 684px\" \/>\t\t\t\t\t\t\t\t\t\t\t\t\t\t\t<\/div>\n\t\t\t\t<\/div>\n\t\t\t\t<div class=\"elementor-element elementor-element-80a99fc elementor-widget elementor-widget-image\" data-id=\"80a99fc\" data-element_type=\"widget\" data-widget_type=\"image.default\">\n\t\t\t\t<div class=\"elementor-widget-container\">\n\t\t\t\t\t\t\t\t\t\t\t\t\t\t\t<img loading=\"lazy\" decoding=\"async\" width=\"655\" height=\"1024\" src=\"https:\/\/frzz.berlin\/wp-content\/uploads\/2025\/05\/EDIT-309-1-655x1024.jpg\" class=\"attachment-large size-large wp-image-213\" alt=\"\" srcset=\"https:\/\/frzz.berlin\/wp-content\/uploads\/2025\/05\/EDIT-309-1-655x1024.jpg 655w, https:\/\/frzz.berlin\/wp-content\/uploads\/2025\/05\/EDIT-309-1-192x300.jpg 192w, https:\/\/frzz.berlin\/wp-content\/uploads\/2025\/05\/EDIT-309-1-768x1200.jpg 768w, https:\/\/frzz.berlin\/wp-content\/uploads\/2025\/05\/EDIT-309-1-983x1536.jpg 983w, https:\/\/frzz.berlin\/wp-content\/uploads\/2025\/05\/EDIT-309-1-1311x2048.jpg 1311w, https:\/\/frzz.berlin\/wp-content\/uploads\/2025\/05\/EDIT-309-1-scaled.jpg 1639w\" sizes=\"(max-width: 655px) 100vw, 655px\" \/>\t\t\t\t\t\t\t\t\t\t\t\t\t\t\t<\/div>\n\t\t\t\t<\/div>\n\t\t\t\t<\/div>\n\t\t\t\t<\/div>\n\t\t<div class=\"elementor-element elementor-element-e47bee8 e-con-full e-flex wpr-particle-no wpr-jarallax-no wpr-parallax-no wpr-sticky-section-no e-con e-child\" data-id=\"e47bee8\" data-element_type=\"container\">\n\t\t<div class=\"elementor-element elementor-element-4acf55c e-con-full e-flex wpr-particle-no wpr-jarallax-no wpr-parallax-no wpr-sticky-section-no e-con e-child\" data-id=\"4acf55c\" data-element_type=\"container\">\n\t\t\t\t<div class=\"elementor-element elementor-element-5d6801e elementor-widget elementor-widget-heading\" data-id=\"5d6801e\" data-element_type=\"widget\" data-widget_type=\"heading.default\">\n\t\t\t\t<div class=\"elementor-widget-container\">\n\t\t\t\t\t<h2 class=\"elementor-heading-title elementor-size-default\">Paper Pants<\/h2>\t\t\t\t<\/div>\n\t\t\t\t<\/div>\n\t\t\t\t<\/div>\n\t\t<div class=\"elementor-element elementor-element-4fa902b e-con-full e-flex wpr-particle-no wpr-jarallax-no wpr-parallax-no wpr-sticky-section-no e-con e-child\" data-id=\"4fa902b\" data-element_type=\"container\">\n\t\t\t\t<div class=\"elementor-element elementor-element-eaa493f elementor-widget elementor-widget-text-editor\" data-id=\"eaa493f\" data-element_type=\"widget\" data-widget_type=\"text-editor.default\">\n\t\t\t\t<div class=\"elementor-widget-container\">\n\t\t\t\t\t\t\t\t\t<article class=\"text-token-text-primary w-full\" dir=\"auto\" data-testid=\"conversation-turn-261\" data-scroll-anchor=\"true\"><div class=\"text-base my-auto mx-auto py-5 [--thread-content-margin:--spacing(4)] @[37rem]:[--thread-content-margin:--spacing(6)] @[72rem]:[--thread-content-margin:--spacing(16)] px-(--thread-content-margin)\"><div class=\"[--thread-content-max-width:32rem] @[34rem]:[--thread-content-max-width:40rem] @[64rem]:[--thread-content-max-width:48rem] mx-auto flex max-w-(--thread-content-max-width) flex-1 text-base gap-4 md:gap-5 lg:gap-6 group\/turn-messages focus-visible:outline-hidden\" tabindex=\"-1\"><div class=\"group\/conversation-turn relative flex w-full min-w-0 flex-col agent-turn\"><div class=\"relative flex-col gap-1 md:gap-3\"><div class=\"flex max-w-full flex-col grow\"><div class=\"min-h-8 text-message relative flex w-full flex-col items-end gap-2 text-start break-words whitespace-normal [.text-message+&amp;]:mt-5\" dir=\"auto\" data-message-author-role=\"assistant\" data-message-id=\"747e9ba4-60dc-4b29-a1a9-a36dcdcf67b9\" data-message-model-slug=\"gpt-4o\"><div class=\"flex w-full flex-col gap-1 empty:hidden first:pt-[3px]\"><div class=\"markdown prose dark:prose-invert w-full break-words light\"><p data-start=\"0\" data-end=\"392\">Die Paper Pants in Beige bringen Struktur und Komfort in Balance. Der schwere, leicht steife Stoff sorgt f\u00fcr eine markante Silhouette, die durch den geraden, mittelweiten Schnitt unterstrichen wird. Dank Stretch-Anteil und elastischem Gummibund passt sich die Hose m\u00fchelos an verschiedenste K\u00f6rperformen an.<\/p><p data-start=\"0\" data-end=\"392\"><strong data-start=\"438\" data-end=\"456\">Preis: <\/strong>220,-<\/p><p data-start=\"394\" data-end=\"517\" data-is-last-node=\"\" data-is-only-node=\"\"><strong data-start=\"394\" data-end=\"412\">Pflegehinweis:<\/strong> Nur im Feinw\u00e4sche-Programm oder per Hand waschen. Maximal 40\u202f\u00b0C, nur mit \u00e4hnlichen Farben waschen.<\/p><\/div><\/div><\/div><\/div><\/div><\/div><\/div><\/div><\/article>\t\t\t\t\t\t\t\t<\/div>\n\t\t\t\t<\/div>\n\t\t\t\t<\/div>\n\t\t<div class=\"elementor-element elementor-element-b03d2a2 e-con-full e-flex wpr-particle-no wpr-jarallax-no wpr-parallax-no wpr-sticky-section-no e-con e-child\" data-id=\"b03d2a2\" data-element_type=\"container\">\n\t\t\t\t<div class=\"elementor-element elementor-element-e9896f6 elementor-align-justify elementor-widget elementor-widget-button\" data-id=\"e9896f6\" data-element_type=\"widget\" data-widget_type=\"button.default\">\n\t\t\t\t<div class=\"elementor-widget-container\">\n\t\t\t\t\t\t\t\t\t<div class=\"elementor-button-wrapper\">\n\t\t\t\t\t<a class=\"elementor-button elementor-button-link elementor-size-sm\" href=\"https:\/\/frzz.berlin\/?page_id=320\">\n\t\t\t\t\t\t<span class=\"elementor-button-content-wrapper\">\n\t\t\t\t\t\t\t\t\t<span class=\"elementor-button-text\">Kontakt<\/span>\n\t\t\t\t\t<\/span>\n\t\t\t\t\t<\/a>\n\t\t\t\t<\/div>\n\t\t\t\t\t\t\t\t<\/div>\n\t\t\t\t<\/div>\n\t\t\t\t<\/div>\n\t\t\t\t<\/div>\n\t\t\t\t<\/div>\n\t\t\t\t<\/div>\n\t\t","protected":false},"excerpt":{"rendered":"<p>Paper Pants Die Paper Pants in Beige bringen Struktur und Komfort in Balance. Der schwere, leicht steife Stoff sorgt f\u00fcr eine markante Silhouette, die durch den geraden, mittelweiten Schnitt unterstrichen wird. Dank Stretch-Anteil und elastischem Gummibund passt sich die Hose m\u00fchelos an verschiedenste K\u00f6rperformen an. Preis: 220,- Pflegehinweis: Nur im Feinw\u00e4sche-Programm oder per Hand waschen. Maximal 40\u202f\u00b0C, nur mit \u00e4hnlichen Farben waschen. Kontakt<\/p>\n","protected":false},"author":1,"featured_media":0,"parent":0,"menu_order":0,"comment_status":"closed","ping_status":"closed","template":"elementor_canvas","meta":{"footnotes":""},"class_list":["post-419","page","type-page","status-publish","hentry"],"_links":{"self":[{"href":"https:\/\/frzz.berlin\/index.php?rest_route=\/wp\/v2\/pages\/419","targetHints":{"allow":["GET"]}}],"collection":[{"href":"https:\/\/frzz.berlin\/index.php?rest_route=\/wp\/v2\/pages"}],"about":[{"href":"https:\/\/frzz.berlin\/index.php?rest_route=\/wp\/v2\/types\/page"}],"author":[{"embeddable":true,"href":"https:\/\/frzz.berlin\/index.php?rest_route=\/wp\/v2\/users\/1"}],"replies":[{"embeddable":true,"href":"https:\/\/frzz.berlin\/index.php?rest_route=%2Fwp%2Fv2%2Fcomments&post=419"}],"version-history":[{"count":28,"href":"https:\/\/frzz.berlin\/index.php?rest_route=\/wp\/v2\/pages\/419\/revisions"}],"predecessor-version":[{"id":1064,"href":"https:\/\/frzz.berlin\/index.php?rest_route=\/wp\/v2\/pages\/419\/revisions\/1064"}],"wp:attachment":[{"href":"https:\/\/frzz.berlin\/index.php?rest_route=%2Fwp%2Fv2%2Fmedia&parent=419"}],"curies":[{"name":"wp","href":"https:\/\/api.w.org\/{rel}","templated":true}]}}