{"id":437,"date":"2025-06-04T07:32:02","date_gmt":"2025-06-04T07:32:02","guid":{"rendered":"https:\/\/frzz.berlin\/?page_id=437"},"modified":"2026-02-10T13:24:47","modified_gmt":"2026-02-10T13:24:47","slug":"reflector-shorts","status":"publish","type":"page","link":"https:\/\/frzz.berlin\/?page_id=437","title":{"rendered":"Reflector Shorts"},"content":{"rendered":"\t\t<div data-elementor-type=\"wp-page\" data-elementor-id=\"437\" class=\"elementor elementor-437\">\n\t\t\t\t<div class=\"elementor-element elementor-element-60311b4 e-con-full e-flex wpr-particle-no wpr-jarallax-no wpr-parallax-no wpr-sticky-section-no e-con e-parent\" data-id=\"60311b4\" data-element_type=\"container\">\n\t\t<div class=\"elementor-element elementor-element-bc0a2d7 e-con-full e-flex wpr-particle-no wpr-jarallax-no wpr-parallax-no wpr-sticky-section-no e-con e-child\" data-id=\"bc0a2d7\" data-element_type=\"container\">\n\t\t<div class=\"elementor-element elementor-element-58343d7 e-grid e-con-full wpr-particle-no wpr-jarallax-no wpr-parallax-no wpr-sticky-section-no e-con e-child\" data-id=\"58343d7\" data-element_type=\"container\">\n\t\t\t\t<div class=\"elementor-element elementor-element-d3a67e6 elementor-widget elementor-widget-image\" data-id=\"d3a67e6\" data-element_type=\"widget\" data-widget_type=\"image.default\">\n\t\t\t\t<div class=\"elementor-widget-container\">\n\t\t\t\t\t\t\t\t\t\t\t\t\t\t\t<img fetchpriority=\"high\" decoding=\"async\" width=\"684\" height=\"1024\" src=\"https:\/\/frzz.berlin\/wp-content\/uploads\/2025\/05\/EDIT-98-684x1024.jpg\" class=\"attachment-large size-large wp-image-128\" alt=\"\" srcset=\"https:\/\/frzz.berlin\/wp-content\/uploads\/2025\/05\/EDIT-98-684x1024.jpg 684w, https:\/\/frzz.berlin\/wp-content\/uploads\/2025\/05\/EDIT-98-200x300.jpg 200w, https:\/\/frzz.berlin\/wp-content\/uploads\/2025\/05\/EDIT-98-768x1150.jpg 768w, https:\/\/frzz.berlin\/wp-content\/uploads\/2025\/05\/EDIT-98-1026x1536.jpg 1026w, https:\/\/frzz.berlin\/wp-content\/uploads\/2025\/05\/EDIT-98-1368x2048.jpg 1368w, https:\/\/frzz.berlin\/wp-content\/uploads\/2025\/05\/EDIT-98-scaled.jpg 1710w\" sizes=\"(max-width: 684px) 100vw, 684px\" \/>\t\t\t\t\t\t\t\t\t\t\t\t\t\t\t<\/div>\n\t\t\t\t<\/div>\n\t\t\t\t<div class=\"elementor-element elementor-element-672ab5c elementor-widget elementor-widget-image\" data-id=\"672ab5c\" data-element_type=\"widget\" data-widget_type=\"image.default\">\n\t\t\t\t<div class=\"elementor-widget-container\">\n\t\t\t\t\t\t\t\t\t\t\t\t\t\t\t<img decoding=\"async\" width=\"684\" height=\"1024\" src=\"https:\/\/frzz.berlin\/wp-content\/uploads\/2025\/05\/EDIT-157-684x1024.jpg\" class=\"attachment-large size-large wp-image-153\" alt=\"\" srcset=\"https:\/\/frzz.berlin\/wp-content\/uploads\/2025\/05\/EDIT-157-684x1024.jpg 684w, https:\/\/frzz.berlin\/wp-content\/uploads\/2025\/05\/EDIT-157-200x300.jpg 200w, https:\/\/frzz.berlin\/wp-content\/uploads\/2025\/05\/EDIT-157-768x1150.jpg 768w, https:\/\/frzz.berlin\/wp-content\/uploads\/2025\/05\/EDIT-157-1026x1536.jpg 1026w, https:\/\/frzz.berlin\/wp-content\/uploads\/2025\/05\/EDIT-157-1368x2048.jpg 1368w, https:\/\/frzz.berlin\/wp-content\/uploads\/2025\/05\/EDIT-157-scaled.jpg 1710w\" sizes=\"(max-width: 684px) 100vw, 684px\" \/>\t\t\t\t\t\t\t\t\t\t\t\t\t\t\t<\/div>\n\t\t\t\t<\/div>\n\t\t\t\t<div class=\"elementor-element elementor-element-7a4087e elementor-widget elementor-widget-image\" data-id=\"7a4087e\" data-element_type=\"widget\" data-widget_type=\"image.default\">\n\t\t\t\t<div class=\"elementor-widget-container\">\n\t\t\t\t\t\t\t\t\t\t\t\t\t\t\t<img decoding=\"async\" width=\"684\" height=\"1024\" src=\"https:\/\/frzz.berlin\/wp-content\/uploads\/2025\/05\/EDIT-117-684x1024.jpg\" class=\"attachment-large size-large wp-image-132\" alt=\"\" srcset=\"https:\/\/frzz.berlin\/wp-content\/uploads\/2025\/05\/EDIT-117-684x1024.jpg 684w, https:\/\/frzz.berlin\/wp-content\/uploads\/2025\/05\/EDIT-117-200x300.jpg 200w, https:\/\/frzz.berlin\/wp-content\/uploads\/2025\/05\/EDIT-117-768x1150.jpg 768w, https:\/\/frzz.berlin\/wp-content\/uploads\/2025\/05\/EDIT-117-1026x1536.jpg 1026w, https:\/\/frzz.berlin\/wp-content\/uploads\/2025\/05\/EDIT-117-1368x2048.jpg 1368w, https:\/\/frzz.berlin\/wp-content\/uploads\/2025\/05\/EDIT-117-scaled.jpg 1710w\" sizes=\"(max-width: 684px) 100vw, 684px\" \/>\t\t\t\t\t\t\t\t\t\t\t\t\t\t\t<\/div>\n\t\t\t\t<\/div>\n\t\t\t\t<div class=\"elementor-element elementor-element-f00144d elementor-widget elementor-widget-image\" data-id=\"f00144d\" data-element_type=\"widget\" data-widget_type=\"image.default\">\n\t\t\t\t<div class=\"elementor-widget-container\">\n\t\t\t\t\t\t\t\t\t\t\t\t\t\t\t<img loading=\"lazy\" decoding=\"async\" width=\"684\" height=\"1024\" src=\"https:\/\/frzz.berlin\/wp-content\/uploads\/2025\/05\/EDIT-150-1-684x1024.jpg\" class=\"attachment-large size-large wp-image-150\" alt=\"\" srcset=\"https:\/\/frzz.berlin\/wp-content\/uploads\/2025\/05\/EDIT-150-1-684x1024.jpg 684w, https:\/\/frzz.berlin\/wp-content\/uploads\/2025\/05\/EDIT-150-1-200x300.jpg 200w, https:\/\/frzz.berlin\/wp-content\/uploads\/2025\/05\/EDIT-150-1-768x1150.jpg 768w, https:\/\/frzz.berlin\/wp-content\/uploads\/2025\/05\/EDIT-150-1-1026x1536.jpg 1026w, https:\/\/frzz.berlin\/wp-content\/uploads\/2025\/05\/EDIT-150-1-1368x2048.jpg 1368w, https:\/\/frzz.berlin\/wp-content\/uploads\/2025\/05\/EDIT-150-1-scaled.jpg 1710w\" sizes=\"(max-width: 684px) 100vw, 684px\" \/>\t\t\t\t\t\t\t\t\t\t\t\t\t\t\t<\/div>\n\t\t\t\t<\/div>\n\t\t\t\t<div class=\"elementor-element elementor-element-ffbdf8a elementor-widget elementor-widget-image\" data-id=\"ffbdf8a\" data-element_type=\"widget\" data-widget_type=\"image.default\">\n\t\t\t\t<div class=\"elementor-widget-container\">\n\t\t\t\t\t\t\t\t\t\t\t\t\t\t\t<img loading=\"lazy\" decoding=\"async\" width=\"684\" height=\"1024\" src=\"https:\/\/frzz.berlin\/wp-content\/uploads\/2025\/05\/EDIT-128-684x1024.jpg\" class=\"attachment-large size-large wp-image-139\" alt=\"\" srcset=\"https:\/\/frzz.berlin\/wp-content\/uploads\/2025\/05\/EDIT-128-684x1024.jpg 684w, https:\/\/frzz.berlin\/wp-content\/uploads\/2025\/05\/EDIT-128-200x300.jpg 200w, https:\/\/frzz.berlin\/wp-content\/uploads\/2025\/05\/EDIT-128-768x1150.jpg 768w, https:\/\/frzz.berlin\/wp-content\/uploads\/2025\/05\/EDIT-128-1026x1536.jpg 1026w, https:\/\/frzz.berlin\/wp-content\/uploads\/2025\/05\/EDIT-128-1368x2048.jpg 1368w, https:\/\/frzz.berlin\/wp-content\/uploads\/2025\/05\/EDIT-128-scaled.jpg 1710w\" sizes=\"(max-width: 684px) 100vw, 684px\" \/>\t\t\t\t\t\t\t\t\t\t\t\t\t\t\t<\/div>\n\t\t\t\t<\/div>\n\t\t\t\t<div class=\"elementor-element elementor-element-ff9db0d elementor-widget elementor-widget-image\" data-id=\"ff9db0d\" data-element_type=\"widget\" data-widget_type=\"image.default\">\n\t\t\t\t<div class=\"elementor-widget-container\">\n\t\t\t\t\t\t\t\t\t\t\t\t\t\t\t<img loading=\"lazy\" decoding=\"async\" width=\"684\" height=\"1024\" src=\"https:\/\/frzz.berlin\/wp-content\/uploads\/2025\/05\/EDIT-134-684x1024.jpg\" class=\"attachment-large size-large wp-image-142\" alt=\"\" srcset=\"https:\/\/frzz.berlin\/wp-content\/uploads\/2025\/05\/EDIT-134-684x1024.jpg 684w, https:\/\/frzz.berlin\/wp-content\/uploads\/2025\/05\/EDIT-134-200x300.jpg 200w, https:\/\/frzz.berlin\/wp-content\/uploads\/2025\/05\/EDIT-134-768x1150.jpg 768w, https:\/\/frzz.berlin\/wp-content\/uploads\/2025\/05\/EDIT-134-1026x1536.jpg 1026w, https:\/\/frzz.berlin\/wp-content\/uploads\/2025\/05\/EDIT-134-1368x2048.jpg 1368w, https:\/\/frzz.berlin\/wp-content\/uploads\/2025\/05\/EDIT-134-scaled.jpg 1710w\" sizes=\"(max-width: 684px) 100vw, 684px\" \/>\t\t\t\t\t\t\t\t\t\t\t\t\t\t\t<\/div>\n\t\t\t\t<\/div>\n\t\t\t\t<\/div>\n\t\t\t\t<\/div>\n\t\t<div class=\"elementor-element elementor-element-0282b61 e-con-full e-flex wpr-particle-no wpr-jarallax-no wpr-parallax-no wpr-sticky-section-no e-con e-child\" data-id=\"0282b61\" data-element_type=\"container\">\n\t\t<div class=\"elementor-element elementor-element-f4f0b01 e-con-full e-flex wpr-particle-no wpr-jarallax-no wpr-parallax-no wpr-sticky-section-no e-con e-child\" data-id=\"f4f0b01\" data-element_type=\"container\">\n\t\t\t\t<div class=\"elementor-element elementor-element-13b1e5c elementor-widget elementor-widget-heading\" data-id=\"13b1e5c\" data-element_type=\"widget\" data-widget_type=\"heading.default\">\n\t\t\t\t<div class=\"elementor-widget-container\">\n\t\t\t\t\t<h2 class=\"elementor-heading-title elementor-size-default\">Reflector Shorts<\/h2>\t\t\t\t<\/div>\n\t\t\t\t<\/div>\n\t\t\t\t<\/div>\n\t\t<div class=\"elementor-element elementor-element-49ecd55 e-con-full e-flex wpr-particle-no wpr-jarallax-no wpr-parallax-no wpr-sticky-section-no e-con e-child\" data-id=\"49ecd55\" data-element_type=\"container\">\n\t\t\t\t<div class=\"elementor-element elementor-element-6c37866 elementor-widget elementor-widget-text-editor\" data-id=\"6c37866\" data-element_type=\"widget\" data-widget_type=\"text-editor.default\">\n\t\t\t\t<div class=\"elementor-widget-container\">\n\t\t\t\t\t\t\t\t\t<article class=\"text-token-text-primary w-full\" dir=\"auto\" data-testid=\"conversation-turn-261\" data-scroll-anchor=\"true\"><div class=\"text-base my-auto mx-auto py-5 [--thread-content-margin:--spacing(4)] @[37rem]:[--thread-content-margin:--spacing(6)] @[72rem]:[--thread-content-margin:--spacing(16)] px-(--thread-content-margin)\"><div class=\"[--thread-content-max-width:32rem] @[34rem]:[--thread-content-max-width:40rem] @[64rem]:[--thread-content-max-width:48rem] mx-auto flex max-w-(--thread-content-max-width) flex-1 text-base gap-4 md:gap-5 lg:gap-6 group\/turn-messages focus-visible:outline-hidden\" tabindex=\"-1\"><div class=\"group\/conversation-turn relative flex w-full min-w-0 flex-col agent-turn\"><div class=\"relative flex-col gap-1 md:gap-3\"><div class=\"flex max-w-full flex-col grow\"><div class=\"min-h-8 text-message relative flex w-full flex-col items-end gap-2 text-start break-words whitespace-normal [.text-message+&amp;]:mt-5\" dir=\"auto\" data-message-author-role=\"assistant\" data-message-id=\"747e9ba4-60dc-4b29-a1a9-a36dcdcf67b9\" data-message-model-slug=\"gpt-4o\"><div class=\"flex w-full flex-col gap-1 empty:hidden first:pt-[3px]\"><div class=\"markdown prose dark:prose-invert w-full break-words light\"><p data-start=\"0\" data-end=\"454\">Die Reflector Shorts aus reflektierendem Stoff wirkt im Schatten dunkelgrau bis anthrazit \u2013 im Licht leuchtet sie silbern bis wei\u00df. Jede Bewegung bringt ein neues Schimmern hervor. Das weite Bein erinnert in seiner Silhouette fast an einen Rock, wodurch ein flie\u00dfender, besonderer Look entsteht. Der Gummibund mit seitlichem Rei\u00dfverschluss sorgt f\u00fcr optimalen Sitz bei gleichzeitig maximalem Tragekomfort.<\/p><p data-start=\"0\" data-end=\"454\"><strong data-start=\"438\" data-end=\"456\">Preis: <\/strong>150,-<\/p><p data-start=\"456\" data-end=\"503\" data-is-last-node=\"\" data-is-only-node=\"\"><strong data-start=\"456\" data-end=\"474\">Pflegehinweis:<\/strong> Nur per Handw\u00e4sche reinigen.<\/p><\/div><\/div><\/div><\/div><\/div><\/div><\/div><\/div><\/article>\t\t\t\t\t\t\t\t<\/div>\n\t\t\t\t<\/div>\n\t\t\t\t<\/div>\n\t\t<div class=\"elementor-element elementor-element-373da82 e-con-full e-flex wpr-particle-no wpr-jarallax-no wpr-parallax-no wpr-sticky-section-no e-con e-child\" data-id=\"373da82\" data-element_type=\"container\">\n\t\t\t\t<div class=\"elementor-element elementor-element-1179349 elementor-align-justify elementor-widget elementor-widget-button\" data-id=\"1179349\" data-element_type=\"widget\" data-widget_type=\"button.default\">\n\t\t\t\t<div class=\"elementor-widget-container\">\n\t\t\t\t\t\t\t\t\t<div class=\"elementor-button-wrapper\">\n\t\t\t\t\t<a class=\"elementor-button elementor-button-link elementor-size-sm\" href=\"https:\/\/frzz.berlin\/?page_id=320\">\n\t\t\t\t\t\t<span class=\"elementor-button-content-wrapper\">\n\t\t\t\t\t\t\t\t\t<span class=\"elementor-button-text\">Kontakt<\/span>\n\t\t\t\t\t<\/span>\n\t\t\t\t\t<\/a>\n\t\t\t\t<\/div>\n\t\t\t\t\t\t\t\t<\/div>\n\t\t\t\t<\/div>\n\t\t\t\t<\/div>\n\t\t\t\t<\/div>\n\t\t\t\t<\/div>\n\t\t\t\t<\/div>\n\t\t","protected":false},"excerpt":{"rendered":"<p>Reflector Shorts Die Reflector Shorts aus reflektierendem Stoff wirkt im Schatten dunkelgrau bis anthrazit \u2013 im Licht leuchtet sie silbern bis wei\u00df. Jede Bewegung bringt ein neues Schimmern hervor. Das weite Bein erinnert in seiner Silhouette fast an einen Rock, wodurch ein flie\u00dfender, besonderer Look entsteht. Der Gummibund mit seitlichem Rei\u00dfverschluss sorgt f\u00fcr optimalen Sitz bei gleichzeitig maximalem Tragekomfort. Preis: 150,- Pflegehinweis: Nur per Handw\u00e4sche reinigen. Kontakt<\/p>\n","protected":false},"author":1,"featured_media":0,"parent":0,"menu_order":0,"comment_status":"closed","ping_status":"closed","template":"elementor_canvas","meta":{"footnotes":""},"class_list":["post-437","page","type-page","status-publish","hentry"],"_links":{"self":[{"href":"https:\/\/frzz.berlin\/index.php?rest_route=\/wp\/v2\/pages\/437","targetHints":{"allow":["GET"]}}],"collection":[{"href":"https:\/\/frzz.berlin\/index.php?rest_route=\/wp\/v2\/pages"}],"about":[{"href":"https:\/\/frzz.berlin\/index.php?rest_route=\/wp\/v2\/types\/page"}],"author":[{"embeddable":true,"href":"https:\/\/frzz.berlin\/index.php?rest_route=\/wp\/v2\/users\/1"}],"replies":[{"embeddable":true,"href":"https:\/\/frzz.berlin\/index.php?rest_route=%2Fwp%2Fv2%2Fcomments&post=437"}],"version-history":[{"count":19,"href":"https:\/\/frzz.berlin\/index.php?rest_route=\/wp\/v2\/pages\/437\/revisions"}],"predecessor-version":[{"id":1052,"href":"https:\/\/frzz.berlin\/index.php?rest_route=\/wp\/v2\/pages\/437\/revisions\/1052"}],"wp:attachment":[{"href":"https:\/\/frzz.berlin\/index.php?rest_route=%2Fwp%2Fv2%2Fmedia&parent=437"}],"curies":[{"name":"wp","href":"https:\/\/api.w.org\/{rel}","templated":true}]}}