{"id":528,"date":"2025-06-06T12:19:01","date_gmt":"2025-06-06T12:19:01","guid":{"rendered":"https:\/\/frzz.berlin\/?page_id=528"},"modified":"2025-06-06T13:56:23","modified_gmt":"2025-06-06T13:56:23","slug":"ueber","status":"publish","type":"page","link":"https:\/\/frzz.berlin\/?page_id=528","title":{"rendered":"\u00dcber"},"content":{"rendered":"\t\t<div data-elementor-type=\"wp-page\" data-elementor-id=\"528\" class=\"elementor elementor-528\">\n\t\t\t\t<div class=\"elementor-element elementor-element-f5e186d e-con-full e-flex wpr-particle-no wpr-jarallax-no wpr-parallax-no wpr-sticky-section-no e-con e-parent\" data-id=\"f5e186d\" data-element_type=\"container\">\n\t\t<div class=\"elementor-element elementor-element-a472ff3 e-con-full e-flex wpr-particle-no wpr-jarallax-no wpr-parallax-no wpr-sticky-section-no e-con e-child\" data-id=\"a472ff3\" data-element_type=\"container\" data-settings=\"{&quot;background_background&quot;:&quot;classic&quot;}\">\n\t\t\t\t<\/div>\n\t\t<div class=\"elementor-element elementor-element-1ed32b2 e-con-full e-flex wpr-particle-no wpr-jarallax-no wpr-parallax-no wpr-sticky-section-no e-con e-child\" data-id=\"1ed32b2\" data-element_type=\"container\">\n\t\t<div class=\"elementor-element elementor-element-3df4fc3 e-con-full e-flex wpr-particle-no wpr-jarallax-no wpr-parallax-no wpr-sticky-section-no e-con e-child\" data-id=\"3df4fc3\" data-element_type=\"container\">\n\t\t\t\t<div class=\"elementor-element elementor-element-95ebfdb elementor-view-default elementor-widget elementor-widget-icon\" data-id=\"95ebfdb\" data-element_type=\"widget\" data-widget_type=\"icon.default\">\n\t\t\t\t<div class=\"elementor-widget-container\">\n\t\t\t\t\t\t\t<div class=\"elementor-icon-wrapper\">\n\t\t\t<a class=\"elementor-icon\" href=\"https:\/\/www.instagram.com\/frzz.berlin\/\">\n\t\t\t<svg aria-hidden=\"true\" class=\"e-font-icon-svg e-fab-instagram\" viewBox=\"0 0 448 512\" xmlns=\"http:\/\/www.w3.org\/2000\/svg\"><path d=\"M224.1 141c-63.6 0-114.9 51.3-114.9 114.9s51.3 114.9 114.9 114.9S339 319.5 339 255.9 287.7 141 224.1 141zm0 189.6c-41.1 0-74.7-33.5-74.7-74.7s33.5-74.7 74.7-74.7 74.7 33.5 74.7 74.7-33.6 74.7-74.7 74.7zm146.4-194.3c0 14.9-12 26.8-26.8 26.8-14.9 0-26.8-12-26.8-26.8s12-26.8 26.8-26.8 26.8 12 26.8 26.8zm76.1 27.2c-1.7-35.9-9.9-67.7-36.2-93.9-26.2-26.2-58-34.4-93.9-36.2-37-2.1-147.9-2.1-184.9 0-35.8 1.7-67.6 9.9-93.9 36.1s-34.4 58-36.2 93.9c-2.1 37-2.1 147.9 0 184.9 1.7 35.9 9.9 67.7 36.2 93.9s58 34.4 93.9 36.2c37 2.1 147.9 2.1 184.9 0 35.9-1.7 67.7-9.9 93.9-36.2 26.2-26.2 34.4-58 36.2-93.9 2.1-37 2.1-147.8 0-184.8zM398.8 388c-7.8 19.6-22.9 34.7-42.6 42.6-29.5 11.7-99.5 9-132.1 9s-102.7 2.6-132.1-9c-19.6-7.8-34.7-22.9-42.6-42.6-11.7-29.5-9-99.5-9-132.1s-2.6-102.7 9-132.1c7.8-19.6 22.9-34.7 42.6-42.6 29.5-11.7 99.5-9 132.1-9s102.7-2.6 132.1 9c19.6 7.8 34.7 22.9 42.6 42.6 11.7 29.5 9 99.5 9 132.1s2.7 102.7-9 132.1z\"><\/path><\/svg>\t\t\t<\/a>\n\t\t<\/div>\n\t\t\t\t\t\t<\/div>\n\t\t\t\t<\/div>\n\t\t\t\t<div class=\"elementor-element elementor-element-6c90c58 elementor-widget elementor-widget-ekit-nav-menu\" data-id=\"6c90c58\" data-element_type=\"widget\" data-widget_type=\"ekit-nav-menu.default\">\n\t\t\t\t<div class=\"elementor-widget-container\">\n\t\t\t\t\t\t\t<nav class=\"ekit-wid-con ekit_menu_responsive_tablet\" \n\t\t\tdata-hamburger-icon=\"\" \n\t\t\tdata-hamburger-icon-type=\"icon\" \n\t\t\tdata-responsive-breakpoint=\"1024\">\n\t\t\t            <button class=\"elementskit-menu-hamburger elementskit-menu-toggler\"  type=\"button\" aria-label=\"hamburger-icon\">\n                                    <span class=\"elementskit-menu-hamburger-icon\"><\/span><span class=\"elementskit-menu-hamburger-icon\"><\/span><span class=\"elementskit-menu-hamburger-icon\"><\/span>\n                            <\/button>\n            <div id=\"ekit-megamenu-test\" class=\"elementskit-menu-container elementskit-menu-offcanvas-elements elementskit-navbar-nav-default ekit-nav-menu-one-page-no ekit-nav-dropdown-hover\"><ul id=\"menu-test\" class=\"elementskit-navbar-nav elementskit-menu-po-left submenu-click-on-icon\"><li id=\"menu-item-572\" class=\"menu-item menu-item-type-post_type menu-item-object-page menu-item-home menu-item-572 nav-item elementskit-mobile-builder-content\" data-vertical-menu=750px><a href=\"https:\/\/frzz.berlin\/\" class=\"ekit-menu-nav-link\">Home<\/a><\/li>\n<li id=\"menu-item-545\" class=\"menu-item menu-item-type-post_type menu-item-object-page menu-item-545 nav-item elementskit-mobile-builder-content\" data-vertical-menu=750px><a href=\"https:\/\/frzz.berlin\/?page_id=528\" class=\"ekit-menu-nav-link\">\u00dcber<\/a><\/li>\n<li id=\"menu-item-546\" class=\"menu-item menu-item-type-post_type menu-item-object-page menu-item-546 nav-item elementskit-mobile-builder-content\" data-vertical-menu=750px><a href=\"https:\/\/frzz.berlin\/?page_id=320\" class=\"ekit-menu-nav-link\">Kontakt<\/a><\/li>\n<li id=\"menu-item-571\" class=\"menu-item menu-item-type-post_type menu-item-object-page menu-item-571 nav-item elementskit-mobile-builder-content\" data-vertical-menu=750px><a href=\"https:\/\/frzz.berlin\/?page_id=82\" class=\"ekit-menu-nav-link\">Kollektion<\/a><\/li>\n<\/ul><div class=\"elementskit-nav-identity-panel\"><button class=\"elementskit-menu-close elementskit-menu-toggler\" type=\"button\">X<\/button><\/div><\/div>\t\t\t\n\t\t\t<div class=\"elementskit-menu-overlay elementskit-menu-offcanvas-elements elementskit-menu-toggler ekit-nav-menu--overlay\"><\/div>        <\/nav>\n\t\t\t\t\t\t<\/div>\n\t\t\t\t<\/div>\n\t\t\t\t<\/div>\n\t\t\t\t<div class=\"elementor-element elementor-element-67ba576 elementor-widget elementor-widget-heading\" data-id=\"67ba576\" data-element_type=\"widget\" data-widget_type=\"heading.default\">\n\t\t\t\t<div class=\"elementor-widget-container\">\n\t\t\t\t\t<h2 class=\"elementor-heading-title elementor-size-default\">\u00dcber fr:zz<\/h2>\t\t\t\t<\/div>\n\t\t\t\t<\/div>\n\t\t<div class=\"elementor-element elementor-element-b8bc0d1 e-con-full e-flex wpr-particle-no wpr-jarallax-no wpr-parallax-no wpr-sticky-section-no e-con e-child\" data-id=\"b8bc0d1\" data-element_type=\"container\">\n\t\t\t\t<div class=\"elementor-element elementor-element-890d3aa elementor-widget elementor-widget-text-editor\" data-id=\"890d3aa\" data-element_type=\"widget\" data-widget_type=\"text-editor.default\">\n\t\t\t\t<div class=\"elementor-widget-container\">\n\t\t\t\t\t\t\t\t\t<p><strong>fr:zz ist mehr als Mode \u2013 fr:zz ist Ausdruck von Pers\u00f6nlichkeit.<\/strong><\/p>\n<p>Hi, ich bin Frizzi \u2013 Designerin und Gr\u00fcnderin von fr:zz.<\/p>\n<p>Ich glaube daran, dass Mode mehr ist als ein Trend. Sie ist Ausdruck \u2013 f\u00fcr Pers\u00f6nlichkeit, f\u00fcr K\u00f6rper, f\u00fcr echtes Leben.<\/p>\n<p>Jedes Design entsteht in Berlin \u2013 von Hand gefertigt und limitiert auf wenige St\u00fcck. Mit klaren Schnitten, au\u00dfergew\u00f6hnlichen Stoffen und dem Anspruch, dass Kleidung sich deinem K\u00f6rper anpasst \u2013 nicht andersherum.<\/p>\n<p>fr:zz ist inspiriert vom Berliner Alltag, von Menschen mit Ecken und Ideen. Genderless, individuell und nahbar \u2013 weil jede Geschichte anders ist.<\/p>\n<p><b>Du hast Fragen oder Interesse an einem Design?<\/b><\/p>\n<p><span style=\"font-size: 1rem;\">Schreib mir gern \u00fcber Instagram, per Mail oder ruf mich an!<\/span><\/p>\t\t\t\t\t\t\t\t<\/div>\n\t\t\t\t<\/div>\n\t\t\t\t<\/div>\n\t\t\t\t<\/div>\n\t\t\t\t<\/div>\n\t\t\t\t<\/div>\n\t\t","protected":false},"excerpt":{"rendered":"<p>Home \u00dcber Kontakt Kollektion X \u00dcber fr:zz fr:zz ist mehr als Mode \u2013 fr:zz ist Ausdruck von Pers\u00f6nlichkeit. Hi, ich bin Frizzi \u2013 Designerin und Gr\u00fcnderin von fr:zz. Ich glaube daran, dass Mode mehr ist als ein Trend. Sie ist Ausdruck \u2013 f\u00fcr Pers\u00f6nlichkeit, f\u00fcr K\u00f6rper, f\u00fcr echtes Leben. Jedes Design entsteht in Berlin \u2013 von Hand gefertigt und limitiert auf wenige St\u00fcck. Mit klaren Schnitten, au\u00dfergew\u00f6hnlichen Stoffen und dem Anspruch, dass Kleidung sich deinem K\u00f6rper anpasst \u2013 nicht andersherum. fr:zz ist inspiriert vom Berliner Alltag, von Menschen mit Ecken und Ideen. Genderless, individuell und nahbar \u2013 weil jede Geschichte anders ist. Du hast Fragen oder Interesse an einem Design? Schreib mir gern \u00fcber Instagram, per Mail oder ruf mich an!<\/p>\n","protected":false},"author":1,"featured_media":0,"parent":0,"menu_order":0,"comment_status":"closed","ping_status":"closed","template":"elementor_canvas","meta":{"footnotes":""},"class_list":["post-528","page","type-page","status-publish","hentry"],"_links":{"self":[{"href":"https:\/\/frzz.berlin\/index.php?rest_route=\/wp\/v2\/pages\/528","targetHints":{"allow":["GET"]}}],"collection":[{"href":"https:\/\/frzz.berlin\/index.php?rest_route=\/wp\/v2\/pages"}],"about":[{"href":"https:\/\/frzz.berlin\/index.php?rest_route=\/wp\/v2\/types\/page"}],"author":[{"embeddable":true,"href":"https:\/\/frzz.berlin\/index.php?rest_route=\/wp\/v2\/users\/1"}],"replies":[{"embeddable":true,"href":"https:\/\/frzz.berlin\/index.php?rest_route=%2Fwp%2Fv2%2Fcomments&post=528"}],"version-history":[{"count":54,"href":"https:\/\/frzz.berlin\/index.php?rest_route=\/wp\/v2\/pages\/528\/revisions"}],"predecessor-version":[{"id":640,"href":"https:\/\/frzz.berlin\/index.php?rest_route=\/wp\/v2\/pages\/528\/revisions\/640"}],"wp:attachment":[{"href":"https:\/\/frzz.berlin\/index.php?rest_route=%2Fwp%2Fv2%2Fmedia&parent=528"}],"curies":[{"name":"wp","href":"https:\/\/api.w.org\/{rel}","templated":true}]}}